{"id":875,"date":"2019-06-11T11:03:57","date_gmt":"2019-06-11T11:03:57","guid":{"rendered":"https:\/\/spaceraceit.com\/wp\/growth\/?page_id=875"},"modified":"2025-09-21T22:02:21","modified_gmt":"2025-09-21T19:02:21","slug":"contact","status":"publish","type":"page","link":"https:\/\/abdelmonemhassan.com\/es\/contact\/","title":{"rendered":"P\u00f3ngase en contacto con"},"content":{"rendered":"<div data-elementor-type=\"wp-post\" data-elementor-id=\"875\" class=\"elementor elementor-875\">\n\t\t\t\t\t\t<section class=\"elementor-section elementor-top-section elementor-element elementor-element-aa9b494 elementor-section-boxed elementor-section-height-default elementor-section-height-default\" data-id=\"aa9b494\" data-element_type=\"section\" data-e-type=\"section\" id=\"contact-section\">\n\t\t\t\t\t\t<div class=\"elementor-container elementor-column-gap-default\">\n\t\t\t\t\t<div class=\"elementor-column elementor-col-100 elementor-top-column elementor-element elementor-element-95c106f\" data-id=\"95c106f\" data-element_type=\"column\" data-e-type=\"column\" data-settings=\"{&quot;background_background&quot;:&quot;classic&quot;}\">\n\t\t\t<div class=\"elementor-widget-wrap elementor-element-populated\">\n\t\t\t\t\t\t<div class=\"elementor-element elementor-element-c43e4f3 elementor-widget elementor-widget-growth-text-box\" data-id=\"c43e4f3\" data-element_type=\"widget\" data-e-type=\"widget\" data-widget_type=\"growth-text-box.default\">\n\t\t\t\t<div class=\"elementor-widget-container\">\n\t\t\t\t\t<div class=\"growth-text-box\"><div class=\"top-title\">CONTACTO<\/div><h2 class=\"title\">Haga su trabajo<\/h2><div class=\"desc\"><p>A partir de aqu\u00ed, desbloquea todo el potencial de tu empresa<\/p><\/div><\/div>\t\t\t\t<\/div>\n\t\t\t\t<\/div>\n\t\t\t\t<section class=\"elementor-section elementor-inner-section elementor-element elementor-element-eb7f1b8 elementor-section-boxed elementor-section-height-default elementor-section-height-default\" data-id=\"eb7f1b8\" data-element_type=\"section\" data-e-type=\"section\">\n\t\t\t\t\t\t<div class=\"elementor-container elementor-column-gap-default\">\n\t\t\t\t\t<div class=\"elementor-column elementor-col-100 elementor-inner-column elementor-element elementor-element-fa7fb43\" data-id=\"fa7fb43\" data-element_type=\"column\" data-e-type=\"column\">\n\t\t\t<div class=\"elementor-widget-wrap elementor-element-populated\">\n\t\t\t\t\t\t<div class=\"elementor-element elementor-element-707f8ff elementor-widget-divider--view-line elementor-widget elementor-widget-divider\" data-id=\"707f8ff\" data-element_type=\"widget\" data-e-type=\"widget\" data-widget_type=\"divider.default\">\n\t\t\t\t<div class=\"elementor-widget-container\">\n\t\t\t\t\t\t\t<div class=\"elementor-divider\">\n\t\t\t<span class=\"elementor-divider-separator\">\n\t\t\t\t\t\t<\/span>\n\t\t<\/div>\n\t\t\t\t\t\t<\/div>\n\t\t\t\t<\/div>\n\t\t\t\t\t<\/div>\n\t\t<\/div>\n\t\t\t\t\t<\/div>\n\t\t<\/section>\n\t\t\t\t<section class=\"elementor-section elementor-inner-section elementor-element elementor-element-24195ba elementor-section-boxed elementor-section-height-default elementor-section-height-default\" data-id=\"24195ba\" data-element_type=\"section\" data-e-type=\"section\">\n\t\t\t\t\t\t<div class=\"elementor-container elementor-column-gap-default\">\n\t\t\t\t\t<div class=\"elementor-column elementor-col-100 elementor-inner-column elementor-element elementor-element-d64ebe3\" data-id=\"d64ebe3\" data-element_type=\"column\" data-e-type=\"column\">\n\t\t\t<div class=\"elementor-widget-wrap elementor-element-populated\">\n\t\t\t\t\t\t<div class=\"elementor-element elementor-element-ff9f8d7 elementor-widget elementor-widget-growth_Subscribe_Form\" data-id=\"ff9f8d7\" data-element_type=\"widget\" data-e-type=\"widget\" data-widget_type=\"growth_Subscribe_Form.default\">\n\t\t\t\t<div class=\"elementor-widget-container\">\n\t\t\t\t\t   <div class=\"shortcode-form\">\r\n       \n<div class=\"wpcf7 no-js\" id=\"wpcf7-f6-o1\" lang=\"en-US\" dir=\"ltr\" data-wpcf7-id=\"6\">\n<div class=\"screen-reader-response\"><p role=\"status\" aria-live=\"polite\" aria-atomic=\"true\"><\/p> <ul><\/ul><\/div>\n<form action=\"\/es\/wp-json\/wp\/v2\/pages\/875#wpcf7-f6-o1\" method=\"post\" class=\"wpcf7-form init\" aria-label=\"Formulario de contacto\" novalidate=\"novalidate\" data-status=\"init\" data-trp-original-action=\"\/es\/wp-json\/wp\/v2\/pages\/875#wpcf7-f6-o1\">\n<fieldset class=\"hidden-fields-container\"><input type=\"hidden\" name=\"_wpcf7\" value=\"6\" \/><input type=\"hidden\" name=\"_wpcf7_version\" value=\"6.1.5\" \/><input type=\"hidden\" name=\"_wpcf7_locale\" value=\"en_US\" \/><input type=\"hidden\" name=\"_wpcf7_unit_tag\" value=\"wpcf7-f6-o1\" \/><input type=\"hidden\" name=\"_wpcf7_container_post\" value=\"0\" \/><input type=\"hidden\" name=\"_wpcf7_posted_data_hash\" value=\"\" \/>\n<\/fieldset>\n<div class=\"contact-form\">\n<div class=\"row\">\n<div class=\"form-group col-sm-12 col-md-6\">\n<span class=\"wpcf7-form-control-wrap\" data-name=\"user_name\"><input size=\"40\" maxlength=\"400\" class=\"wpcf7-form-control wpcf7-text wpcf7-validates-as-required form-control-item\" aria-required=\"true\" aria-invalid=\"false\" placeholder=\"Nombre y apellidos\" value=\"\" type=\"text\" name=\"user_name\" \/><\/span>\n<\/div>\n<div class=\"form-group col-sm-12 col-md-6\">\n<span class=\"wpcf7-form-control-wrap\" data-name=\"email_address\"><input size=\"40\" maxlength=\"400\" class=\"wpcf7-form-control wpcf7-email wpcf7-validates-as-required wpcf7-text wpcf7-validates-as-email form-control-item\" aria-required=\"true\" aria-invalid=\"false\" placeholder=\"Direcci\u00f3n de correo electr\u00f3nico\" value=\"\" type=\"email\" name=\"email_address\" \/><\/span>\n<\/div>\n<\/div>\n<div class=\"row\">\n<div class=\"form-group col-sm-12 col-md-6\">\n<span class=\"wpcf7-form-control-wrap\" data-name=\"organization\"><input size=\"40\" maxlength=\"400\" class=\"wpcf7-form-control wpcf7-text form-control-item\" aria-invalid=\"false\" placeholder=\"Nombre de la organizaci\u00f3n\" value=\"\" type=\"text\" name=\"organization\" \/><\/span>\n<\/div>\n<div class=\"form-group col-sm-12 col-md-6\">\n<span class=\"wpcf7-form-control-wrap\" data-name=\"service\"><select class=\"wpcf7-form-control wpcf7-select wpcf7-validates-as-required form-control-item\" aria-required=\"true\" aria-invalid=\"false\" name=\"service\"><option value=\"Select Service\">Seleccionar servicio<\/option><option value=\"Consultation\">Consulta<\/option><option value=\"SEO\">SEO<\/option><option value=\"SEM\">SEM<\/option><option value=\"PPC\">PPC<\/option><option value=\"Media Planning\">Planificaci\u00f3n de medios<\/option><option value=\"Media Buying\">Compra de medios<\/option><option value=\"Social Media Marketing\/Advertising\">Marketing\/publicidad en redes sociales<\/option><option value=\"Google Ads\">Anuncios Google<\/option><option value=\"Email Marketing\">Marketing por correo electr\u00f3nico<\/option><option value=\"FBA\">FBA<\/option><option value=\"Content Marketing\">Marketing de contenidos<\/option><option value=\"Email Marketing\">Marketing por correo electr\u00f3nico<\/option><option value=\"Campaign Plan\">Plan de campa\u00f1a<\/option><option value=\"Digital Marketing Strategy\">Estrategia de marketing digital<\/option><option value=\"Teamwork Training\">Formaci\u00f3n en trabajo en equipo<\/option><option value=\"Collaboration\">Colaboraci\u00f3n<\/option><option value=\"Other\">Otros<\/option><\/select><\/span>\n<\/div>\n<\/div>\n<div class=\"row\">\n<div class=\"form-group col-sm-12 col-md-6\">\n<span class=\"wpcf7-form-control-wrap\" data-name=\"budget\"><input size=\"40\" maxlength=\"400\" class=\"wpcf7-form-control wpcf7-text form-control-item\" aria-invalid=\"false\" placeholder=\"Presupuesto\" value=\"\" type=\"text\" name=\"budget\" \/><\/span>\n<span class=\"wpcf7-form-control-wrap\" data-name=\"phone\"><input size=\"40\" maxlength=\"400\" class=\"wpcf7-form-control wpcf7-tel wpcf7-text wpcf7-validates-as-tel form-control-item\" aria-invalid=\"false\" placeholder=\"N\u00famero de tel\u00e9fono\" value=\"\" type=\"tel\" name=\"phone\" \/><\/span>\n<\/div>\n<div class=\"form-group col-sm-12 col-md-6\">\n<textarea name=\"messages\" cols=\"40\" rows=\"4\" class=\"wpcf7-form-control wpcf7-textarea wpcf7-validates-as-required form-control-item\" id=\"message\" aria-required=\"true\" aria-invalid=\"false\" placeholder=\"Detalles del proyecto\"><\/textarea>\n<\/div>\n<\/div>\n<div class=\"form-row\">\n<div class=\"form-group col-sm-12 text-center\">\n<button type=\"submit\" class=\"submit-form\"><span class=\"btn__text\">ENVIAR A Abdelmonem<\/span><\/button>\n<\/div>\n<\/div>\n<\/div><div class=\"wpcf7-response-output\" aria-hidden=\"true\"><\/div>\n<input type=\"hidden\" name=\"trp-form-language\" value=\"es\"\/><\/form>\n<\/div>\n   <\/div>\r\n   \t\t\t\t<\/div>\n\t\t\t\t<\/div>\n\t\t\t\t\t<\/div>\n\t\t<\/div>\n\t\t\t\t\t<\/div>\n\t\t<\/section>\n\t\t\t\t\t<\/div>\n\t\t<\/div>\n\t\t\t\t\t<\/div>\n\t\t<\/section>\n\t\t\t\t<section class=\"elementor-section elementor-top-section elementor-element elementor-element-3904dcf elementor-section-boxed elementor-section-height-default elementor-section-height-default\" data-id=\"3904dcf\" data-element_type=\"section\" data-e-type=\"section\">\n\t\t\t\t\t\t<div class=\"elementor-container elementor-column-gap-default\">\n\t\t\t\t\t<div class=\"elementor-column elementor-col-33 elementor-top-column elementor-element elementor-element-5f9478a\" data-id=\"5f9478a\" data-element_type=\"column\" data-e-type=\"column\">\n\t\t\t<div class=\"elementor-widget-wrap elementor-element-populated\">\n\t\t\t\t\t\t<div class=\"elementor-element elementor-element-af6df8f elementor-widget elementor-widget-feature-box\" data-id=\"af6df8f\" data-element_type=\"widget\" data-e-type=\"widget\" data-widget_type=\"feature-box.default\">\n\t\t\t\t<div class=\"elementor-widget-container\">\n\t\t\t\t\t<div class=\"feature-box\" ><div class=\"feature-icon\"><i class=\"fa fa-envelope\"><\/i><\/div><div class=\"box-content\"><h4 class=\"feature-title\">Correo electr\u00f3nico:<\/h4><div class=\"feature-content\"><p><a href=\"mailto:info@abdelmonemhassan.com\">info@abdelmonemhassan.com<\/a><\/p><\/div><\/div><\/div>\t\t\t\t<\/div>\n\t\t\t\t<\/div>\n\t\t\t\t\t<\/div>\n\t\t<\/div>\n\t\t\t\t<div class=\"elementor-column elementor-col-33 elementor-top-column elementor-element elementor-element-4e05c85\" data-id=\"4e05c85\" data-element_type=\"column\" data-e-type=\"column\">\n\t\t\t<div class=\"elementor-widget-wrap elementor-element-populated\">\n\t\t\t\t\t\t<div class=\"elementor-element elementor-element-3285cf6 elementor-widget elementor-widget-feature-box\" data-id=\"3285cf6\" data-element_type=\"widget\" data-e-type=\"widget\" data-widget_type=\"feature-box.default\">\n\t\t\t\t<div class=\"elementor-widget-container\">\n\t\t\t\t\t<div class=\"feature-box\" ><div class=\"feature-icon\"><i class=\"fa fa-phone\"><\/i><\/div><div class=\"box-content\"><h4 class=\"feature-title\">Llama:<\/h4><div class=\"feature-content\"><p><a href=\"https:\/\/www.upwork.com\/services\/consultation\/marketing-abdelmonem-1470739468603351040\">Concertar una consulta<\/a><\/p><\/div><\/div><\/div>\t\t\t\t<\/div>\n\t\t\t\t<\/div>\n\t\t\t\t\t<\/div>\n\t\t<\/div>\n\t\t\t\t<div class=\"elementor-column elementor-col-33 elementor-top-column elementor-element elementor-element-ac5d017\" data-id=\"ac5d017\" data-element_type=\"column\" data-e-type=\"column\">\n\t\t\t<div class=\"elementor-widget-wrap elementor-element-populated\">\n\t\t\t\t\t\t<div class=\"elementor-element elementor-element-1d7bc70 elementor-widget elementor-widget-feature-box\" data-id=\"1d7bc70\" data-element_type=\"widget\" data-e-type=\"widget\" data-widget_type=\"feature-box.default\">\n\t\t\t\t<div class=\"elementor-widget-container\">\n\t\t\t\t\t<div class=\"feature-box\" ><div class=\"feature-icon\"><i class=\"fa fa-map-marker\"><\/i><\/div><div class=\"box-content\"><h4 class=\"feature-title\">DIRECCI\u00d3N:<\/h4><div class=\"feature-content\"><p>A distancia, en todo el mundo<\/p><\/div><\/div><\/div>\t\t\t\t<\/div>\n\t\t\t\t<\/div>\n\t\t\t\t\t<\/div>\n\t\t<\/div>\n\t\t\t\t\t<\/div>\n\t\t<\/section>\n\t\t\t\t<\/div>","protected":false},"excerpt":{"rendered":"<p>CONT\u00c1CTAME Haz tu trabajo Desde aqu\u00ed, desbloqueas todo el potencial de tu negocio Selecciona ServicioConsultaSEOSEMPPCPlanificaci\u00f3n de mediosCompra de mediosMarketing en redes sociales\/PublicidadGoogle AdsEmail MarketingFBAContent MarketingEmail MarketingPlan de Campa\u00f1aEstrategia de Marketing DigitalTrabajo en equipoFormaci\u00f3nColaboraci\u00f3nOtros ENVIAR A Abdelmonem Correo electr\u00f3nico: info@abdelmonemhassan.com Llamar: Reservar una consulta DIRECCI\u00d3N: A distancia, en todo el mundo<\/p>","protected":false},"author":2,"featured_media":3589,"parent":0,"menu_order":0,"comment_status":"closed","ping_status":"closed","template":"","meta":{"footnotes":""},"class_list":["post-875","page","type-page","status-publish","has-post-thumbnail","hentry"],"aioseo_notices":[],"_links":{"self":[{"href":"https:\/\/abdelmonemhassan.com\/es\/wp-json\/wp\/v2\/pages\/875","targetHints":{"allow":["GET"]}}],"collection":[{"href":"https:\/\/abdelmonemhassan.com\/es\/wp-json\/wp\/v2\/pages"}],"about":[{"href":"https:\/\/abdelmonemhassan.com\/es\/wp-json\/wp\/v2\/types\/page"}],"author":[{"embeddable":true,"href":"https:\/\/abdelmonemhassan.com\/es\/wp-json\/wp\/v2\/users\/2"}],"replies":[{"embeddable":true,"href":"https:\/\/abdelmonemhassan.com\/es\/wp-json\/wp\/v2\/comments?post=875"}],"version-history":[{"count":0,"href":"https:\/\/abdelmonemhassan.com\/es\/wp-json\/wp\/v2\/pages\/875\/revisions"}],"wp:featuredmedia":[{"embeddable":true,"href":"https:\/\/abdelmonemhassan.com\/es\/wp-json\/wp\/v2\/media\/3589"}],"wp:attachment":[{"href":"https:\/\/abdelmonemhassan.com\/es\/wp-json\/wp\/v2\/media?parent=875"}],"curies":[{"name":"wp","href":"https:\/\/api.w.org\/{rel}","templated":true}]}}