{"id":2899,"date":"2024-11-30T21:17:59","date_gmt":"2024-11-30T19:17:59","guid":{"rendered":"https:\/\/abdelmonemhassan.com\/?page_id=2899"},"modified":"2026-01-03T15:03:25","modified_gmt":"2026-01-03T13:03:25","slug":"media-buying-growth","status":"publish","type":"page","link":"https:\/\/abdelmonemhassan.com\/es\/media-buying-growth\/","title":{"rendered":"Crecimiento del rendimiento de los medios"},"content":{"rendered":"<div data-elementor-type=\"wp-page\" data-elementor-id=\"2899\" class=\"elementor elementor-2899\">\n\t\t\t\t<div class=\"elementor-element elementor-element-28013e5 e-flex e-con-boxed e-con e-parent\" data-id=\"28013e5\" data-element_type=\"container\" data-e-type=\"container\">\n\t\t\t\t\t<div class=\"e-con-inner\">\n\t\t\t\t<div class=\"elementor-element elementor-element-f359e0a elementor-widget elementor-widget-growth-text-box\" data-id=\"f359e0a\" data-element_type=\"widget\" data-e-type=\"widget\" data-widget_type=\"growth-text-box.default\">\n\t\t\t\t<div class=\"elementor-widget-container\">\n\t\t\t\t\t<div class=\"growth-text-box\"><div class=\"top-title\">Compra de medios<\/div><h2 class=\"title\">Crecimiento del rendimiento<\/h2><div class=\"desc\"><p>Alcance el dominio del mercado con campa\u00f1as basadas en datos dise\u00f1adas para amplificar el rendimiento a escala. Este paquete premium combina estrategias vanguardistas con conocimientos hol\u00edsticos de marketing para posicionar su empresa en la senda del \u00e9xito sostenido y el crecimiento exponencial.<\/p><\/div><\/div>\t\t\t\t<\/div>\n\t\t\t\t<\/div>\n\t\t\t\t\t<\/div>\n\t\t\t\t<\/div>\n\t\t<div class=\"elementor-element elementor-element-135d231 e-flex e-con-boxed e-con e-parent\" data-id=\"135d231\" data-element_type=\"container\" data-e-type=\"container\">\n\t\t\t\t\t<div class=\"e-con-inner\">\n\t\t<div class=\"elementor-element elementor-element-9330ac3 e-con-full e-grid e-con e-child\" data-id=\"9330ac3\" data-element_type=\"container\" data-e-type=\"container\">\n\t\t\t\t<div class=\"elementor-element elementor-element-7f1a47a elementor-widget elementor-widget-growth-pricing-table-addons\" data-id=\"7f1a47a\" data-element_type=\"widget\" data-e-type=\"widget\" data-widget_type=\"growth-pricing-table-addons.default\">\n\t\t\t\t<div class=\"elementor-widget-container\">\n\t\t\t\t\t    <div class=\"price-box\">\n               <div class=\"price-header\">\n            <div class=\"price-icon\">\n            <i class=\"fal fa-mind-share\"><\/i>            <\/div>\n            <h3 class=\"price-title\">Arranque del crecimiento<\/h3>        <\/div>\n                <div class=\"price-content\">\n            <p>Para un presupuesto de $16.000.<\/p>        <\/div>\n                            <div class=\"price-rate\"><sup class=\"symble\" >&#36;<\/sup> <h3 class=\"amount\">2320<\/h3> <sup class=\"preiod\">\/ Mes<\/sup><\/div>\n                <div class=\"price-footer\"><a class=\"price_btn\" href=\"https:\/\/buy.stripe.com\/8wM8xT35J3TfajeaES\" target=\"_blank\" rel=\"nofollow\">Comprar ahora<\/a><\/div>    <\/div>\n\t\t\t\t<\/div>\n\t\t\t\t<\/div>\n\t\t\t\t<div class=\"elementor-element elementor-element-7dbe0f2 elementor-widget elementor-widget-growth-pricing-table-addons\" data-id=\"7dbe0f2\" data-element_type=\"widget\" data-e-type=\"widget\" data-widget_type=\"growth-pricing-table-addons.default\">\n\t\t\t\t<div class=\"elementor-widget-container\">\n\t\t\t\t\t    <div class=\"price-box\">\n               <div class=\"price-header\">\n            <div class=\"price-icon\">\n            <i class=\"fal fa-gem\"><\/i>            <\/div>\n            <h3 class=\"price-title\">Borde de impacto<\/h3>        <\/div>\n                <div class=\"price-content\">\n            <p>Para un presupuesto de $18.000.<\/p>        <\/div>\n                            <div class=\"price-rate\"><sup class=\"symble\" >&#36;<\/sup> <h3 class=\"amount\">2520<\/h3> <sup class=\"preiod\">\/ Mes<\/sup><\/div>\n                <div class=\"price-footer\"><a class=\"price_btn\" href=\"https:\/\/buy.stripe.com\/00g8xT5dR89vajebIX\" target=\"_blank\" rel=\"nofollow\">Comprar ahora<\/a><\/div>    <\/div>\n\t\t\t\t<\/div>\n\t\t\t\t<\/div>\n\t\t\t\t<div class=\"elementor-element elementor-element-073e640 elementor-widget elementor-widget-growth-pricing-table-addons\" data-id=\"073e640\" data-element_type=\"widget\" data-e-type=\"widget\" data-widget_type=\"growth-pricing-table-addons.default\">\n\t\t\t\t<div class=\"elementor-widget-container\">\n\t\t\t\t\t    <div class=\"price-box\">\n               <div class=\"ribbon\">La mejor relaci\u00f3n calidad-precio<\/div>\n               <div class=\"price-header\">\n            <div class=\"price-icon\">\n            <i class=\"fal fa-rocket\"><\/i>            <\/div>\n            <h3 class=\"price-title\">Impulso del mercado<\/h3>        <\/div>\n                <div class=\"price-content\">\n            <p>Para un presupuesto de $20.000.<\/p>        <\/div>\n                            <div class=\"price-rate\"><sup class=\"symble\" >&#36;<\/sup> <h3 class=\"amount\">2700<\/h3> <sup class=\"preiod\">\/ Mes<\/sup><\/div>\n                <div class=\"price-footer\"><a class=\"price_btn\" href=\"https:\/\/buy.stripe.com\/fZe29v5dRcpL2QMaEU\" target=\"_blank\" rel=\"nofollow\">Comprar ahora<\/a><\/div>    <\/div>\n\t\t\t\t<\/div>\n\t\t\t\t<\/div>\n\t\t\t\t<\/div>\n\t\t\t\t\t<\/div>\n\t\t\t\t<\/div>\n\t\t<div class=\"elementor-element elementor-element-4a66c38 e-flex e-con-boxed e-con e-parent\" data-id=\"4a66c38\" data-element_type=\"container\" data-e-type=\"container\">\n\t\t\t\t\t<div class=\"e-con-inner\">\n\t\t<div class=\"elementor-element elementor-element-c6325bb e-con-full e-grid e-con e-child\" data-id=\"c6325bb\" data-element_type=\"container\" data-e-type=\"container\">\n\t\t\t\t<div class=\"elementor-element elementor-element-f1a443e elementor-widget elementor-widget-growth-pricing-table-addons\" data-id=\"f1a443e\" data-element_type=\"widget\" data-e-type=\"widget\" data-widget_type=\"growth-pricing-table-addons.default\">\n\t\t\t\t<div class=\"elementor-widget-container\">\n\t\t\t\t\t    <div class=\"price-box\">\n               <div class=\"price-header\">\n            <div class=\"price-icon\">\n            <i class=\"fal fa-meteor\"><\/i>            <\/div>\n            <h3 class=\"price-title\">Escala de potencia<\/h3>        <\/div>\n                <div class=\"price-content\">\n            <p>Para un presupuesto de $25.000.<\/p>        <\/div>\n                            <div class=\"price-rate\"><sup class=\"symble\" >&#36;<\/sup> <h3 class=\"amount\">3100<\/h3> <sup class=\"preiod\">\/ Mes<\/sup><\/div>\n                <div class=\"price-footer\"><a class=\"price_btn\" href=\"https:\/\/buy.stripe.com\/5kAbK5cGj0H31MI7sJ\" target=\"_blank\" rel=\"nofollow\">Comprar ahora<\/a><\/div>    <\/div>\n\t\t\t\t<\/div>\n\t\t\t\t<\/div>\n\t\t\t\t<div class=\"elementor-element elementor-element-3837061 elementor-widget elementor-widget-growth-pricing-table-addons\" data-id=\"3837061\" data-element_type=\"widget\" data-e-type=\"widget\" data-widget_type=\"growth-pricing-table-addons.default\">\n\t\t\t\t<div class=\"elementor-widget-container\">\n\t\t\t\t\t    <div class=\"price-box\">\n               <div class=\"price-header\">\n            <div class=\"price-icon\">\n            <i class=\"fas fa-chess\"><\/i>            <\/div>\n            <h3 class=\"price-title\">Amplificaci\u00f3n estrat\u00e9gica<\/h3>        <\/div>\n                <div class=\"price-content\">\n            <p>Para un presupuesto de $30.000.<\/p>        <\/div>\n                            <div class=\"price-rate\"><sup class=\"symble\" >&#36;<\/sup> <h3 class=\"amount\">3350<\/h3> <sup class=\"preiod\">\/ Mes<\/sup><\/div>\n                <div class=\"price-footer\"><a class=\"price_btn\" href=\"https:\/\/buy.stripe.com\/3csaG1dKn4XjgHC28q\" target=\"_blank\" rel=\"nofollow\">Comprar ahora<\/a><\/div>    <\/div>\n\t\t\t\t<\/div>\n\t\t\t\t<\/div>\n\t\t\t\t<div class=\"elementor-element elementor-element-fc6bc66 elementor-widget elementor-widget-growth-pricing-table-addons\" data-id=\"fc6bc66\" data-element_type=\"widget\" data-e-type=\"widget\" data-widget_type=\"growth-pricing-table-addons.default\">\n\t\t\t\t<div class=\"elementor-widget-container\">\n\t\t\t\t\t    <div class=\"price-box\">\n               <div class=\"price-header\">\n            <div class=\"price-icon\">\n            <i class=\"fal fa-suitcase\"><\/i>            <\/div>\n            <h3 class=\"price-title\">Cambio de juego<\/h3>        <\/div>\n                <div class=\"price-content\">\n            <p>Para m\u00e1s de $30k presupuesto.<\/p>        <\/div>\n                            <div class=\"price-rate\"><sup class=\"symble\" >&#36;<\/sup> <h3 class=\"amount\">variar<\/h3> <sup class=\"preiod\">\/ Mes<\/sup><\/div>\n                <div class=\"price-footer\"><a class=\"price_btn\" href=\"\/es\/consultation\/\">Hablemos<\/a><\/div>    <\/div>\n\t\t\t\t<\/div>\n\t\t\t\t<\/div>\n\t\t\t\t<\/div>\n\t\t\t\t\t<\/div>\n\t\t\t\t<\/div>\n\t\t\t\t<section class=\"elementor-section elementor-top-section elementor-element elementor-element-2eb5d45 elementor-section-boxed elementor-section-height-default elementor-section-height-default\" data-id=\"2eb5d45\" data-element_type=\"section\" data-e-type=\"section\">\n\t\t\t\t\t\t<div class=\"elementor-container elementor-column-gap-default\">\n\t\t\t\t\t<div class=\"elementor-column elementor-col-100 elementor-top-column elementor-element elementor-element-2f0a608\" data-id=\"2f0a608\" data-element_type=\"column\" data-e-type=\"column\">\n\t\t\t<div class=\"elementor-widget-wrap elementor-element-populated\">\n\t\t\t\t\t\t<div class=\"elementor-element elementor-element-454fe68 elementor-widget elementor-widget-growth_button\" data-id=\"454fe68\" data-element_type=\"widget\" data-e-type=\"widget\" data-widget_type=\"growth_button.default\">\n\t\t\t\t<div class=\"elementor-widget-container\">\n\t\t\t\t\t<a class=\"arrow-button\" href=\"\/es\/consultation\/\"><span class=\"button-text\"><span class=\"button-title\" >Tomar consulta<\/span><\/span><\/a>\t\t\t\t<\/div>\n\t\t\t\t<\/div>\n\t\t\t\t\t<\/div>\n\t\t<\/div>\n\t\t\t\t\t<\/div>\n\t\t<\/section>\n\t\t<div class=\"elementor-element elementor-element-4ea6d74 e-flex e-con-boxed e-con e-parent\" data-id=\"4ea6d74\" data-element_type=\"container\" data-e-type=\"container\">\n\t\t\t\t\t<div class=\"e-con-inner\">\n\t\t\t\t<div class=\"elementor-element elementor-element-4f83e02 elementor-widget elementor-widget-growth-tab-addons\" data-id=\"4f83e02\" data-element_type=\"widget\" data-e-type=\"widget\" data-widget_type=\"growth-tab-addons.default\">\n\t\t\t\t<div class=\"elementor-widget-container\">\n\t\t\t\t\t            <div class=\"growth-tab-area growth-tab-style-2\">\r\n\r\n                <ul class=\"growth-tab-nav growth-tab-nav-style-2\" role=\"tablist\">\r\n                    <li class=\"active\" ><a class=\"tab-button elementor-repeater-item-cebc5c3\" href=\"#growthtab-4f83e021\" data-toggle=\"tab\" role=\"tab\">Estrategia y planificaci\u00f3n<\/a><\/li><li class=\"\" ><a class=\"tab-button elementor-repeater-item-60d1ea7\" href=\"#growthtab-4f83e022\" data-toggle=\"tab\" role=\"tab\">Instalaci\u00f3n y ejecuci\u00f3n<\/a><\/li><li class=\"\" ><a class=\"tab-button elementor-repeater-item-70cb57b\" href=\"#growthtab-4f83e023\" data-toggle=\"tab\" role=\"tab\">Creatividad y mensajer\u00eda<\/a><\/li><li class=\"\" ><a class=\"tab-button elementor-repeater-item-4c3bf0b\" href=\"#growthtab-4f83e024\" data-toggle=\"tab\" role=\"tab\">Optimizaci\u00f3n del rendimiento<\/a><\/li><li class=\"\" ><a class=\"tab-button elementor-repeater-item-90c86f5\" href=\"#growthtab-4f83e025\" data-toggle=\"tab\" role=\"tab\">Informes y colaboraci\u00f3n<\/a><\/li>                <\/ul>\r\n                <div class=\"growth-tab-content-area tab-content\">\r\n                    <div class=\"growth-single-tab tab-pane fade active in elementor-repeater-item-cebc5c3\" id=\"growthtab-4f83e021\" role=\"tabpanel\"><div class=\"growth-tab-content\"><ul><li>Estrategia integral del embudo (campa\u00f1as TOF, MOF, BOF).<\/li><li>Evaluaci\u00f3n comparativa de la competencia y an\u00e1lisis del mercado en l\u00ednea.<\/li><li>Desarrollo de estrategias de campa\u00f1a multiplataforma.<\/li><\/ul><\/div><\/div><div class=\"growth-single-tab tab-pane fade  elementor-repeater-item-60d1ea7\" id=\"growthtab-4f83e022\" role=\"tabpanel\"><div class=\"growth-tab-content\"><ul><li>Configuraci\u00f3n de campa\u00f1as en m\u00faltiples plataformas (Facebook, Google, YouTube, etc.).<\/li><li>Configuraci\u00f3n avanzada de seguimiento y atribuci\u00f3n de conversiones (por ejemplo, GA4, integraci\u00f3n con CRM).<\/li><li>Configuraci\u00f3n de compra program\u00e1tica de anuncios (si es necesario).<\/li><\/ul><\/div><\/div><div class=\"growth-single-tab tab-pane fade  elementor-repeater-item-70cb57b\" id=\"growthtab-4f83e023\" role=\"tabpanel\"><div class=\"growth-tab-content\"><ul><li>Creaci\u00f3n de guiones de anuncios en v\u00eddeo personalizados para 2 campa\u00f1as.<br \/>Desarrollo de contenidos publicitarios multiling\u00fces.<\/li><li>Pruebas A\/B avanzadas de audiencia, creatividad y mensajer\u00eda.<\/li><\/ul><\/div><\/div><div class=\"growth-single-tab tab-pane fade  elementor-repeater-item-4c3bf0b\" id=\"growthtab-4f83e024\" role=\"tabpanel\"><div class=\"growth-tab-content\"><ul><li>Optimizaci\u00f3n de todo el embudo (p\u00e1gina de destino, texto de los anuncios, segmentaci\u00f3n).<\/li><li>Recomendaciones para optimizar la tasa de conversi\u00f3n.<\/li><li>Ajustes en tiempo real para ampliar las campa\u00f1as de forma rentable.<\/li><\/ul><\/div><\/div><div class=\"growth-single-tab tab-pane fade  elementor-repeater-item-90c86f5\" id=\"growthtab-4f83e025\" role=\"tabpanel\"><div class=\"growth-tab-content\"><ul><li>Reuniones semanales sobre resultados con recomendaciones estrat\u00e9gicas.<\/li><li>Completos informes mensuales de crecimiento con informaci\u00f3n pr\u00e1ctica.<\/li><li>Gesti\u00f3n de cuentas dedicada y supervisi\u00f3n de la estrategia.<\/li><\/ul><\/div><\/div>                <\/div>\r\n            <\/div>\r\n        \t\t\t\t<\/div>\n\t\t\t\t<\/div>\n\t\t\t\t\t<\/div>\n\t\t\t\t<\/div>\n\t\t\t\t<\/div>","protected":false},"excerpt":{"rendered":"<p>Media Buying Performance Growth Achieve market dominance with data-driven campaigns designed to amplify performance at scale. This premium package combines cutting-edge strategies with holistic marketing insights to position your business for sustained success and exponential growth. Growth Starter For a $16,000 budget. &#36; 2320 \/ Month Purchase Now Impact Edge For a $18,000 budget. &#36; [&hellip;]<\/p>\n","protected":false},"author":2,"featured_media":3589,"parent":0,"menu_order":0,"comment_status":"closed","ping_status":"closed","template":"","meta":{"footnotes":""},"class_list":["post-2899","page","type-page","status-publish","has-post-thumbnail","hentry"],"aioseo_notices":[],"_links":{"self":[{"href":"https:\/\/abdelmonemhassan.com\/es\/wp-json\/wp\/v2\/pages\/2899","targetHints":{"allow":["GET"]}}],"collection":[{"href":"https:\/\/abdelmonemhassan.com\/es\/wp-json\/wp\/v2\/pages"}],"about":[{"href":"https:\/\/abdelmonemhassan.com\/es\/wp-json\/wp\/v2\/types\/page"}],"author":[{"embeddable":true,"href":"https:\/\/abdelmonemhassan.com\/es\/wp-json\/wp\/v2\/users\/2"}],"replies":[{"embeddable":true,"href":"https:\/\/abdelmonemhassan.com\/es\/wp-json\/wp\/v2\/comments?post=2899"}],"version-history":[{"count":0,"href":"https:\/\/abdelmonemhassan.com\/es\/wp-json\/wp\/v2\/pages\/2899\/revisions"}],"wp:featuredmedia":[{"embeddable":true,"href":"https:\/\/abdelmonemhassan.com\/es\/wp-json\/wp\/v2\/media\/3589"}],"wp:attachment":[{"href":"https:\/\/abdelmonemhassan.com\/es\/wp-json\/wp\/v2\/media?parent=2899"}],"curies":[{"name":"wp","href":"https:\/\/api.w.org\/{rel}","templated":true}]}}