{"id":2894,"date":"2024-11-30T21:14:42","date_gmt":"2024-11-30T19:14:42","guid":{"rendered":"https:\/\/abdelmonemhassan.com\/?page_id=2894"},"modified":"2026-01-03T14:59:30","modified_gmt":"2026-01-03T12:59:30","slug":"media-buying-advanced","status":"publish","type":"page","link":"https:\/\/abdelmonemhassan.com\/es\/media-buying-advanced\/","title":{"rendered":"Acelerar el rendimiento de los medios"},"content":{"rendered":"<div data-elementor-type=\"wp-page\" data-elementor-id=\"2894\" class=\"elementor elementor-2894\">\n\t\t\t\t<div class=\"elementor-element elementor-element-c93896d e-flex e-con-boxed e-con e-parent\" data-id=\"c93896d\" data-element_type=\"container\" data-e-type=\"container\">\n\t\t\t\t\t<div class=\"e-con-inner\">\n\t\t\t\t<div class=\"elementor-element elementor-element-e6efca2 elementor-widget elementor-widget-growth-text-box\" data-id=\"e6efca2\" data-element_type=\"widget\" data-e-type=\"widget\" data-widget_type=\"growth-text-box.default\">\n\t\t\t\t<div class=\"elementor-widget-container\">\n\t\t\t\t\t<div class=\"growth-text-box\"><div class=\"top-title\">Compra de medios<\/div><h2 class=\"title\">Acelerar el rendimiento<\/h2><div class=\"desc\"><p>Impulse su crecimiento con estrategias avanzadas y optimizaciones que ampl\u00eden sus campa\u00f1as publicitarias de forma eficaz. Este paquete, adaptado a empresas listas para expandirse, se integra a la perfecci\u00f3n con sus esfuerzos generales de marketing para ofrecer un ROI medible y resultados impactantes.<\/p><\/div><\/div>\t\t\t\t<\/div>\n\t\t\t\t<\/div>\n\t\t\t\t\t<\/div>\n\t\t\t\t<\/div>\n\t\t<div class=\"elementor-element elementor-element-abd99b3 e-flex e-con-boxed e-con e-parent\" data-id=\"abd99b3\" data-element_type=\"container\" data-e-type=\"container\">\n\t\t\t\t\t<div class=\"e-con-inner\">\n\t\t<div class=\"elementor-element elementor-element-4ae3f71 e-con-full e-grid e-con e-child\" data-id=\"4ae3f71\" data-element_type=\"container\" data-e-type=\"container\">\n\t\t\t\t<div class=\"elementor-element elementor-element-389e1ca elementor-widget elementor-widget-growth-pricing-table-addons\" data-id=\"389e1ca\" data-element_type=\"widget\" data-e-type=\"widget\" data-widget_type=\"growth-pricing-table-addons.default\">\n\t\t\t\t<div class=\"elementor-widget-container\">\n\t\t\t\t\t    <div class=\"price-box\">\n               <div class=\"price-header\">\n            <div class=\"price-icon\">\n            <i class=\"fal fa-meteor\"><\/i>            <\/div>\n            <h3 class=\"price-title\">Acelerar Base<\/h3>        <\/div>\n                <div class=\"price-content\">\n            <p>Para un presupuesto de $6.000.<\/p>        <\/div>\n                            <div class=\"price-rate\"><sup class=\"symble\" >&#36;<\/sup> <h3 class=\"amount\">1080<\/h3> <sup class=\"preiod\">\/ Mes<\/sup><\/div>\n                <div class=\"price-footer\"><a class=\"price_btn\" href=\"https:\/\/buy.stripe.com\/14kbK5gWz3Tf7725ks\" target=\"_blank\" rel=\"nofollow\">Comprar ahora<\/a><\/div>    <\/div>\n\t\t\t\t<\/div>\n\t\t\t\t<\/div>\n\t\t\t\t<div class=\"elementor-element elementor-element-27121ea elementor-widget elementor-widget-growth-pricing-table-addons\" data-id=\"27121ea\" data-element_type=\"widget\" data-e-type=\"widget\" data-widget_type=\"growth-pricing-table-addons.default\">\n\t\t\t\t<div class=\"elementor-widget-container\">\n\t\t\t\t\t    <div class=\"price-box\">\n               <div class=\"price-header\">\n            <div class=\"price-icon\">\n            <i class=\"fal fa-rocket\"><\/i>            <\/div>\n            <h3 class=\"price-title\">Catalizador del crecimiento<\/h3>        <\/div>\n                <div class=\"price-content\">\n            <p>Para un presupuesto de $8.000.<\/p>        <\/div>\n                            <div class=\"price-rate\"><sup class=\"symble\" >&#36;<\/sup> <h3 class=\"amount\">1360<\/h3> <sup class=\"preiod\">\/ Mes<\/sup><\/div>\n                <div class=\"price-footer\"><a class=\"price_btn\" href=\"https:\/\/buy.stripe.com\/00g6pL35JdtP8b6dQZ\" target=\"_blank\" rel=\"nofollow\">Comprar ahora<\/a><\/div>    <\/div>\n\t\t\t\t<\/div>\n\t\t\t\t<\/div>\n\t\t\t\t<div class=\"elementor-element elementor-element-380b604 elementor-widget elementor-widget-growth-pricing-table-addons\" data-id=\"380b604\" data-element_type=\"widget\" data-e-type=\"widget\" data-widget_type=\"growth-pricing-table-addons.default\">\n\t\t\t\t<div class=\"elementor-widget-container\">\n\t\t\t\t\t    <div class=\"price-box\">\n               <div class=\"price-header\">\n            <div class=\"price-icon\">\n            <i class=\"fal fa-fire\"><\/i>            <\/div>\n            <h3 class=\"price-title\">Borde avanzado<\/h3>        <\/div>\n                <div class=\"price-content\">\n            <p>Para un presupuesto de $9.000.<\/p>        <\/div>\n                            <div class=\"price-rate\"><sup class=\"symble\" >&#36;<\/sup> <h3 class=\"amount\">1485<\/h3> <sup class=\"preiod\">\/ Mes<\/sup><\/div>\n                <div class=\"price-footer\"><a class=\"price_btn\" href=\"https:\/\/buy.stripe.com\/00g01ngWz4Xjaje8wG\" target=\"_blank\" rel=\"nofollow\">Comprar ahora<\/a><\/div>    <\/div>\n\t\t\t\t<\/div>\n\t\t\t\t<\/div>\n\t\t\t\t<\/div>\n\t\t\t\t\t<\/div>\n\t\t\t\t<\/div>\n\t\t<div class=\"elementor-element elementor-element-6fb9838 e-flex e-con-boxed e-con e-parent\" data-id=\"6fb9838\" data-element_type=\"container\" data-e-type=\"container\">\n\t\t\t\t\t<div class=\"e-con-inner\">\n\t\t<div class=\"elementor-element elementor-element-5ac2266 e-con-full e-grid e-con e-child\" data-id=\"5ac2266\" data-element_type=\"container\" data-e-type=\"container\">\n\t\t\t\t<div class=\"elementor-element elementor-element-b14c4f6 elementor-widget elementor-widget-growth-pricing-table-addons\" data-id=\"b14c4f6\" data-element_type=\"widget\" data-e-type=\"widget\" data-widget_type=\"growth-pricing-table-addons.default\">\n\t\t\t\t<div class=\"elementor-widget-container\">\n\t\t\t\t\t    <div class=\"price-box\">\n               <div class=\"ribbon\">La mejor relaci\u00f3n calidad-precio<\/div>\n               <div class=\"price-header\">\n            <div class=\"price-icon\">\n            <i class=\"fas fa-chess\"><\/i>            <\/div>\n            <h3 class=\"price-title\">Escala estrat\u00e9gica<\/h3>        <\/div>\n                <div class=\"price-content\">\n            <p>Para un presupuesto de $10.000.<\/p>        <\/div>\n                            <div class=\"price-rate\"><sup class=\"symble\" >&#36;<\/sup> <h3 class=\"amount\">1600<\/h3> <sup class=\"preiod\">\/ Mes<\/sup><\/div>\n                <div class=\"price-footer\"><a class=\"price_btn\" href=\"https:\/\/buy.stripe.com\/eVag0lcGj75rcrmcMX\" target=\"_blank\" rel=\"nofollow\">Comprar ahora<\/a><\/div>    <\/div>\n\t\t\t\t<\/div>\n\t\t\t\t<\/div>\n\t\t\t\t<div class=\"elementor-element elementor-element-9b7774e elementor-widget elementor-widget-growth-pricing-table-addons\" data-id=\"9b7774e\" data-element_type=\"widget\" data-e-type=\"widget\" data-widget_type=\"growth-pricing-table-addons.default\">\n\t\t\t\t<div class=\"elementor-widget-container\">\n\t\t\t\t\t    <div class=\"price-box\">\n               <div class=\"price-header\">\n            <div class=\"price-icon\">\n            <i class=\"fal fa-satellite\"><\/i>            <\/div>\n            <h3 class=\"price-title\">Aumento de la velocidad<\/h3>        <\/div>\n                <div class=\"price-content\">\n            <p>Para un presupuesto de $12.000.<\/p>        <\/div>\n                            <div class=\"price-rate\"><sup class=\"symble\" >&#36;<\/sup> <h3 class=\"amount\">1860<\/h3> <sup class=\"preiod\">\/ Mes<\/sup><\/div>\n                <div class=\"price-footer\"><a class=\"price_btn\" href=\"https:\/\/buy.stripe.com\/9AQ4hD49N1L7crm9AM\" target=\"_blank\" rel=\"nofollow\">Comprar ahora<\/a><\/div>    <\/div>\n\t\t\t\t<\/div>\n\t\t\t\t<\/div>\n\t\t\t\t<div class=\"elementor-element elementor-element-b6c6273 elementor-widget elementor-widget-growth-pricing-table-addons\" data-id=\"b6c6273\" data-element_type=\"widget\" data-e-type=\"widget\" data-widget_type=\"growth-pricing-table-addons.default\">\n\t\t\t\t<div class=\"elementor-widget-container\">\n\t\t\t\t\t    <div class=\"price-box\">\n               <div class=\"price-header\">\n            <div class=\"price-icon\">\n            <i class=\"fal fa-fighter-jet\"><\/i>            <\/div>\n            <h3 class=\"price-title\">Acelerar Pro<\/h3>        <\/div>\n                <div class=\"price-content\">\n            <p>Para un presupuesto de $14.000.<\/p>        <\/div>\n                            <div class=\"price-rate\"><sup class=\"symble\" >&#36;<\/sup> <h3 class=\"amount\">2100<\/h3> <sup class=\"preiod\">\/ Mes<\/sup><\/div>\n                <div class=\"price-footer\"><a class=\"price_btn\" href=\"https:\/\/buy.stripe.com\/eVaeWh0XB75r9facMZ\" target=\"_blank\" rel=\"nofollow\">Comprar ahora<\/a><\/div>    <\/div>\n\t\t\t\t<\/div>\n\t\t\t\t<\/div>\n\t\t\t\t<\/div>\n\t\t\t\t\t<\/div>\n\t\t\t\t<\/div>\n\t\t<div class=\"elementor-element elementor-element-1ff673f e-flex e-con-boxed e-con e-parent\" data-id=\"1ff673f\" data-element_type=\"container\" data-e-type=\"container\">\n\t\t\t\t\t<div class=\"e-con-inner\">\n\t\t<div class=\"elementor-element elementor-element-20fcbae e-con-full e-flex e-con e-child\" data-id=\"20fcbae\" data-element_type=\"container\" data-e-type=\"container\">\n\t\t\t\t<div class=\"elementor-element elementor-element-f053299 elementor-widget elementor-widget-growth_button\" data-id=\"f053299\" data-element_type=\"widget\" data-e-type=\"widget\" data-widget_type=\"growth_button.default\">\n\t\t\t\t<div class=\"elementor-widget-container\">\n\t\t\t\t\t<a class=\"arrow-button\" href=\"https:\/\/abdelmonemhassan.com\/es\/media-buying-growth\/\"><span class=\"button-text\"><span class=\"button-title\" >Presupuesto m\u00e1s elevado<\/span><\/span><\/a>\t\t\t\t<\/div>\n\t\t\t\t<\/div>\n\t\t\t\t<\/div>\n\t\t<div class=\"elementor-element elementor-element-5985e91 e-con-full e-flex e-con e-child\" data-id=\"5985e91\" data-element_type=\"container\" data-e-type=\"container\">\n\t\t\t\t<div class=\"elementor-element elementor-element-ba36982 elementor-widget elementor-widget-growth_button\" data-id=\"ba36982\" data-element_type=\"widget\" data-e-type=\"widget\" data-widget_type=\"growth_button.default\">\n\t\t\t\t<div class=\"elementor-widget-container\">\n\t\t\t\t\t<a class=\"arrow-button\" href=\"\/es\/consultation\/\"><span class=\"button-text\"><span class=\"button-title\" >Tomar consulta<\/span><\/span><\/a>\t\t\t\t<\/div>\n\t\t\t\t<\/div>\n\t\t\t\t<\/div>\n\t\t\t\t\t<\/div>\n\t\t\t\t<\/div>\n\t\t<div class=\"elementor-element elementor-element-2f3737e e-flex e-con-boxed e-con e-parent\" data-id=\"2f3737e\" data-element_type=\"container\" data-e-type=\"container\">\n\t\t\t\t\t<div class=\"e-con-inner\">\n\t\t\t\t<div class=\"elementor-element elementor-element-e49ab3e elementor-widget elementor-widget-growth-tab-addons\" data-id=\"e49ab3e\" data-element_type=\"widget\" data-e-type=\"widget\" data-widget_type=\"growth-tab-addons.default\">\n\t\t\t\t<div class=\"elementor-widget-container\">\n\t\t\t\t\t            <div class=\"growth-tab-area growth-tab-style-2\">\r\n\r\n                <ul class=\"growth-tab-nav growth-tab-nav-style-2\" role=\"tablist\">\r\n                    <li class=\"active\" ><a class=\"tab-button elementor-repeater-item-cebc5c3\" href=\"#growthtab-e49ab3e1\" data-toggle=\"tab\" role=\"tab\">Estrategia y planificaci\u00f3n<\/a><\/li><li class=\"\" ><a class=\"tab-button elementor-repeater-item-60d1ea7\" href=\"#growthtab-e49ab3e2\" data-toggle=\"tab\" role=\"tab\">Instalaci\u00f3n y ejecuci\u00f3n<\/a><\/li><li class=\"\" ><a class=\"tab-button elementor-repeater-item-70cb57b\" href=\"#growthtab-e49ab3e3\" data-toggle=\"tab\" role=\"tab\">Creatividad y mensajer\u00eda<\/a><\/li><li class=\"\" ><a class=\"tab-button elementor-repeater-item-4c3bf0b\" href=\"#growthtab-e49ab3e4\" data-toggle=\"tab\" role=\"tab\">Optimizaci\u00f3n del rendimiento<\/a><\/li><li class=\"\" ><a class=\"tab-button elementor-repeater-item-90c86f5\" href=\"#growthtab-e49ab3e5\" data-toggle=\"tab\" role=\"tab\">Informes y an\u00e1lisis<\/a><\/li>                <\/ul>\r\n                <div class=\"growth-tab-content-area tab-content\">\r\n                    <div class=\"growth-single-tab tab-pane fade active in elementor-repeater-item-cebc5c3\" id=\"growthtab-e49ab3e1\" role=\"tabpanel\"><div class=\"growth-tab-content\"><ul><li>Segmentaci\u00f3n exhaustiva de la audiencia y an\u00e1lisis de la competencia.<\/li><li>Alineaci\u00f3n multiobjetivo (tr\u00e1fico, conversiones, retargeting).<\/li><\/ul><\/div><\/div><div class=\"growth-single-tab tab-pane fade  elementor-repeater-item-60d1ea7\" id=\"growthtab-e49ab3e2\" role=\"tabpanel\"><div class=\"growth-tab-content\"><ul><li>Configuraci\u00f3n de la campa\u00f1a en dos plataformas (por ejemplo, Facebook + Google).<\/li><li>Retargeting y creaci\u00f3n de audiencias similares.<\/li><li>Orientaci\u00f3n geogr\u00e1fica y optimizaci\u00f3n de la programaci\u00f3n de anuncios.<\/li><\/ul><\/div><\/div><div class=\"growth-single-tab tab-pane fade  elementor-repeater-item-70cb57b\" id=\"growthtab-e49ab3e3\" role=\"tabpanel\"><div class=\"growth-tab-content\"><ul><li>Redacci\u00f3n de anuncios y asesoramiento creativo para 3 variaciones.<\/li><li>Optimizaciones de anuncios din\u00e1micos (por ejemplo, Facebook Dynamic Creative).<\/li><\/ul><\/div><\/div><div class=\"growth-single-tab tab-pane fade  elementor-repeater-item-4c3bf0b\" id=\"growthtab-e49ab3e4\" role=\"tabpanel\"><div class=\"growth-tab-content\"><ul><li>Optimizaci\u00f3n avanzada de la estrategia de ofertas.<\/li><li>Pruebas divididas para combinaciones de audiencia y creatividad.<\/li><\/ul><\/div><\/div><div class=\"growth-single-tab tab-pane fade  elementor-repeater-item-90c86f5\" id=\"growthtab-e49ab3e5\" role=\"tabpanel\"><div class=\"growth-tab-content\"><ul><li>Informe mensual de resultados con an\u00e1lisis del ROI.<\/li><li>Cuadros de mando personalizados para la integraci\u00f3n de an\u00e1lisis (por ejemplo, GA4).<\/li><\/ul><\/div><\/div>                <\/div>\r\n            <\/div>\r\n        \t\t\t\t<\/div>\n\t\t\t\t<\/div>\n\t\t\t\t\t<\/div>\n\t\t\t\t<\/div>\n\t\t\t\t<\/div>","protected":false},"excerpt":{"rendered":"<p>Media Buying Performance Accelerate Fuel your growth with advanced strategies and optimizations that scale your ad campaigns effectively. Tailored for businesses ready to expand, this package integrates seamlessly with your overall marketing efforts to deliver measurable ROI and impactful results. Accelerate Base For a $6,000 budget. &#36; 1080 \/ Month Purchase Now Growth Catalyst For [&hellip;]<\/p>\n","protected":false},"author":2,"featured_media":3589,"parent":0,"menu_order":0,"comment_status":"closed","ping_status":"closed","template":"","meta":{"footnotes":""},"class_list":["post-2894","page","type-page","status-publish","has-post-thumbnail","hentry"],"aioseo_notices":[],"_links":{"self":[{"href":"https:\/\/abdelmonemhassan.com\/es\/wp-json\/wp\/v2\/pages\/2894","targetHints":{"allow":["GET"]}}],"collection":[{"href":"https:\/\/abdelmonemhassan.com\/es\/wp-json\/wp\/v2\/pages"}],"about":[{"href":"https:\/\/abdelmonemhassan.com\/es\/wp-json\/wp\/v2\/types\/page"}],"author":[{"embeddable":true,"href":"https:\/\/abdelmonemhassan.com\/es\/wp-json\/wp\/v2\/users\/2"}],"replies":[{"embeddable":true,"href":"https:\/\/abdelmonemhassan.com\/es\/wp-json\/wp\/v2\/comments?post=2894"}],"version-history":[{"count":0,"href":"https:\/\/abdelmonemhassan.com\/es\/wp-json\/wp\/v2\/pages\/2894\/revisions"}],"wp:featuredmedia":[{"embeddable":true,"href":"https:\/\/abdelmonemhassan.com\/es\/wp-json\/wp\/v2\/media\/3589"}],"wp:attachment":[{"href":"https:\/\/abdelmonemhassan.com\/es\/wp-json\/wp\/v2\/media?parent=2894"}],"curies":[{"name":"wp","href":"https:\/\/api.w.org\/{rel}","templated":true}]}}