{"id":2040,"date":"2021-12-26T12:13:21","date_gmt":"2021-12-26T12:13:21","guid":{"rendered":"https:\/\/abdelmonemhassan.com\/?page_id=2040"},"modified":"2025-10-05T09:31:18","modified_gmt":"2025-10-05T06:31:18","slug":"services","status":"publish","type":"page","link":"https:\/\/abdelmonemhassan.com\/es\/services\/","title":{"rendered":"Servicios"},"content":{"rendered":"<div data-elementor-type=\"wp-page\" data-elementor-id=\"2040\" class=\"elementor elementor-2040\">\n\t\t\t\t\t\t<section class=\"elementor-section elementor-top-section elementor-element elementor-element-0a7fe05 elementor-section-boxed elementor-section-height-default elementor-section-height-default\" data-id=\"0a7fe05\" data-element_type=\"section\" data-e-type=\"section\">\n\t\t\t\t\t\t<div class=\"elementor-container elementor-column-gap-default\">\n\t\t\t\t\t<div class=\"elementor-column elementor-col-100 elementor-top-column elementor-element elementor-element-3637bc6\" data-id=\"3637bc6\" data-element_type=\"column\" data-e-type=\"column\">\n\t\t\t<div class=\"elementor-widget-wrap elementor-element-populated\">\n\t\t\t\t\t\t<div class=\"elementor-element elementor-element-ef10378 elementor-widget elementor-widget-growth-text-box\" data-id=\"ef10378\" data-element_type=\"widget\" data-e-type=\"widget\" data-widget_type=\"growth-text-box.default\">\n\t\t\t\t<div class=\"elementor-widget-container\">\n\t\t\t\t\t<div class=\"growth-text-box\"><div class=\"top-title\">Servicios<\/div><h2 class=\"title\">Ver C\u00f3mo puedo ayudarle<\/h2><div class=\"desc\"><p>Siempre busco trabajar a largo plazo con mis clientes y crear historias de \u00e9xito es mi prioridad en cada proyecto<\/p><\/div><\/div>\t\t\t\t<\/div>\n\t\t\t\t<\/div>\n\t\t\t\t\t<\/div>\n\t\t<\/div>\n\t\t\t\t\t<\/div>\n\t\t<\/section>\n\t\t\t\t<section class=\"elementor-section elementor-inner-section elementor-element elementor-element-c6e7717 elementor-section-content-middle elementor-section-boxed elementor-section-height-default elementor-section-height-default\" data-id=\"c6e7717\" data-element_type=\"section\" data-e-type=\"section\" data-settings=\"{&quot;background_background&quot;:&quot;classic&quot;}\">\n\t\t\t\t\t\t<div class=\"elementor-container elementor-column-gap-default\">\n\t\t\t\t\t<div class=\"elementor-column elementor-col-33 elementor-inner-column elementor-element elementor-element-b352d42\" data-id=\"b352d42\" data-element_type=\"column\" data-e-type=\"column\">\n\t\t\t<div class=\"elementor-widget-wrap elementor-element-populated\">\n\t\t\t\t\t\t<div class=\"elementor-element elementor-element-54c128b elementor-widget elementor-widget-feature-box\" data-id=\"54c128b\" data-element_type=\"widget\" data-e-type=\"widget\" data-widget_type=\"feature-box.default\">\n\t\t\t\t<div class=\"elementor-widget-container\">\n\t\t\t\t\t<div class=\"feature-box\" ><div class=\"feature-icon\"><img decoding=\"async\" width=\"42\" height=\"42\" src=\"https:\/\/abdelmonemhassan.com\/wp-content\/uploads\/2019\/05\/service-1.png\" class=\"attachment-full size-full wp-image-93\" alt=\"\" \/><\/div><div class=\"box-content\"><h4 class=\"feature-title\">Optimizaci\u00f3n de motores de b\u00fasqueda (SEO)'<\/h4><div class=\"feature-content\"><p>Construir la presencia de su marca en l\u00ednea mediante el uso de las mejores pr\u00e1cticas de SEO que trabaja para su marca para aumentar sus posibilidades de conseguir clasificado en las primeras posiciones de la SERP, esto incluye servicios como la investigaci\u00f3n de palabras clave, SEO Auditor\u00eda, Webmaster Tools de Gesti\u00f3n, SEO T\u00e9cnico, Link Building, ...etc.<\/p><\/div><\/div><\/div>\t\t\t\t<\/div>\n\t\t\t\t<\/div>\n\t\t\t\t<div class=\"elementor-element elementor-element-77cf640 elementor-widget elementor-widget-feature-box\" data-id=\"77cf640\" data-element_type=\"widget\" data-e-type=\"widget\" data-widget_type=\"feature-box.default\">\n\t\t\t\t<div class=\"elementor-widget-container\">\n\t\t\t\t\t<div class=\"feature-box\" ><div class=\"feature-icon\"><img decoding=\"async\" width=\"48\" height=\"38\" src=\"https:\/\/abdelmonemhassan.com\/wp-content\/uploads\/2019\/05\/service-4.png\" class=\"attachment-full size-full wp-image-96\" alt=\"\" \/><\/div><div class=\"box-content\"><h4 class=\"feature-title\">Marketing por correo electr\u00f3nico<\/h4><div class=\"feature-content\"><p>Manejar su marketing por correo electr\u00f3nico para que coincida con su objetivo y alinearse con el viaje del cliente para enviar correos electr\u00f3nicos en el contexto que sigue las mejores pr\u00e1cticas para evitar cualquier hilo como el almacenamiento en el filtro de spam, esto incluye servicios como la gesti\u00f3n de contactos, configuraci\u00f3n de series de correo electr\u00f3nico, automatizaci\u00f3n de correo electr\u00f3nico, correos electr\u00f3nicos transaccionales, lead nurturing, creaci\u00f3n de plantillas de correo electr\u00f3nico, ...etc.<\/p><\/div><\/div><\/div>\t\t\t\t<\/div>\n\t\t\t\t<\/div>\n\t\t\t\t<div class=\"elementor-element elementor-element-a083602 elementor-widget elementor-widget-feature-box\" data-id=\"a083602\" data-element_type=\"widget\" data-e-type=\"widget\" data-widget_type=\"feature-box.default\">\n\t\t\t\t<div class=\"elementor-widget-container\">\n\t\t\t\t\t<div class=\"feature-box\" ><div class=\"feature-icon\"><img decoding=\"async\" width=\"48\" height=\"38\" src=\"https:\/\/abdelmonemhassan.com\/wp-content\/uploads\/2019\/05\/service-4.png\" class=\"attachment-full size-full wp-image-96\" alt=\"\" \/><\/div><div class=\"box-content\"><h4 class=\"feature-title\">PPC \/ SEM<\/h4><div class=\"feature-content\"><p>Creaci\u00f3n de campa\u00f1as de pago por clic que se alinean con su objetivo y considerar todos los de la optimizaci\u00f3n de motores de b\u00fasqueda para obtener el mejor rendimiento en todos los aspectos, que incluir\u00e1 servicios como el plan de campa\u00f1a, an\u00e1lisis, integraci\u00f3n, anuncios de youtube, anuncios de b\u00fasqueda, anuncios GDN, informes de campa\u00f1a, s\u00f3lo en contacto conmigo y voy a ayudar con lo que necesita exactamente.<\/p><\/div><\/div><\/div>\t\t\t\t<\/div>\n\t\t\t\t<\/div>\n\t\t\t\t<div class=\"elementor-element elementor-element-07373fa elementor-widget elementor-widget-feature-box\" data-id=\"07373fa\" data-element_type=\"widget\" data-e-type=\"widget\" data-widget_type=\"feature-box.default\">\n\t\t\t\t<div class=\"elementor-widget-container\">\n\t\t\t\t\t<div class=\"feature-box\" ><div class=\"feature-icon\"><img decoding=\"async\" width=\"48\" height=\"38\" src=\"https:\/\/abdelmonemhassan.com\/wp-content\/uploads\/2019\/05\/service-4.png\" class=\"attachment-full size-full wp-image-96\" alt=\"\" \/><\/div><div class=\"box-content\"><h4 class=\"feature-title\">Marketing de contenidos<\/h4><div class=\"feature-content\"><p>El contenido es el rey, si usted juega sabiamente entonces usted ya sabe que, voy a construir su estrategia de marketing de contenidos que necesita para ponerse en marcha con las mejores piezas de contenido que mejor para su modelo de negocio para escribir contenido convincente apropiado para el mensaje de su marca y su p\u00fablico objetivo, esto puede incluir servicios como la creaci\u00f3n de un comprador persona, calendario de contenidos, entradas de blog, plan de contenidos, an\u00e1lisis de la competencia, an\u00e1lisis de la situaci\u00f3n, ...etc.<\/p><\/div><\/div><\/div>\t\t\t\t<\/div>\n\t\t\t\t<\/div>\n\t\t\t\t<div class=\"elementor-element elementor-element-9c25b27 elementor-widget elementor-widget-feature-box\" data-id=\"9c25b27\" data-element_type=\"widget\" data-e-type=\"widget\" data-widget_type=\"feature-box.default\">\n\t\t\t\t<div class=\"elementor-widget-container\">\n\t\t\t\t\t<div class=\"feature-box\" ><div class=\"feature-icon\"><img decoding=\"async\" width=\"48\" height=\"38\" src=\"https:\/\/abdelmonemhassan.com\/wp-content\/uploads\/2019\/05\/service-4.png\" class=\"attachment-full size-full wp-image-96\" alt=\"\" \/><\/div><div class=\"box-content\"><h4 class=\"feature-title\">Cumplimiento por Amazon (FBA)'<\/h4><div class=\"feature-content\"><p>Trabajando con gigantes como Amazon necesita tener un buen conocimiento de los diferentes aspectos del marketing digital para obtener lo mejor de su presencia en Amazon, pero ya que usted est\u00e1 leyendo esto, todo lo que necesita es tenerme gestionar su FBA, y voy a poner su negocio en el camino correcto para obtener el mejor rendimiento de su presencia con informes muy detallados que muestran los resultados peri\u00f3dicamente, mostrando los problemas que aparece el tiempo extra para solucionar y mostrar lo que hace bien para desarrollarlo y lo que no para probar algo diferente.\u00a0<\/p><\/div><\/div><\/div>\t\t\t\t<\/div>\n\t\t\t\t<\/div>\n\t\t\t\t\t<\/div>\n\t\t<\/div>\n\t\t\t\t<div class=\"elementor-column elementor-col-33 elementor-inner-column elementor-element elementor-element-a2cc467\" data-id=\"a2cc467\" data-element_type=\"column\" data-e-type=\"column\">\n\t\t\t<div class=\"elementor-widget-wrap elementor-element-populated\">\n\t\t\t\t\t\t<div class=\"elementor-element elementor-element-fae54d8 elementor-widget elementor-widget-feature-box\" data-id=\"fae54d8\" data-element_type=\"widget\" data-e-type=\"widget\" data-widget_type=\"feature-box.default\">\n\t\t\t\t<div class=\"elementor-widget-container\">\n\t\t\t\t\t<div class=\"feature-box\" ><div class=\"feature-icon\"><img decoding=\"async\" width=\"44\" height=\"43\" src=\"https:\/\/abdelmonemhassan.com\/wp-content\/uploads\/2019\/05\/service-2.png\" class=\"attachment-full size-full wp-image-94\" alt=\"\" \/><\/div><div class=\"box-content\"><h4 class=\"feature-title\">Compra de medios<\/h4><div class=\"feature-content\"><p>Crear su plan de compra de medios para que coincida con todas las plataformas que tienden a obtener lo mejor para su marca en un plan muy claro y luego ejecutarlos y analizar el rendimiento de las campa\u00f1as y comparar los resultados reales con el rendimiento previsto.<\/p><\/div><\/div><\/div>\t\t\t\t<\/div>\n\t\t\t\t<\/div>\n\t\t\t\t<div class=\"elementor-element elementor-element-34d09ad elementor-widget elementor-widget-feature-box\" data-id=\"34d09ad\" data-element_type=\"widget\" data-e-type=\"widget\" data-widget_type=\"feature-box.default\">\n\t\t\t\t<div class=\"elementor-widget-container\">\n\t\t\t\t\t<div class=\"feature-box\" ><div class=\"feature-icon\"><img loading=\"lazy\" decoding=\"async\" width=\"32\" height=\"42\" src=\"https:\/\/abdelmonemhassan.com\/wp-content\/uploads\/2019\/06\/service-5.png\" class=\"attachment-full size-full wp-image-988\" alt=\"\" \/><\/div><div class=\"box-content\"><h4 class=\"feature-title\">Marketing en redes sociales<\/h4><div class=\"feature-content\"><p>Gestionar su presencia en los medios sociales y alinearse con sus objetivos de negocio para llegar a su p\u00fablico objetivo en l\u00ednea en los mejores canales de medios sociales para su modelo de negocio como Facebook, Instagram, Snapchat, Slack, TikTok, LinkedIn, Pinterest, o cualquier otro canal, que puede incluir servicios como marketing de contenidos, marketing de influencers, plan de medios, gesti\u00f3n de medios sociales, gesti\u00f3n de herramientas, an\u00e1lisis de medios sociales, ...etc. pero no se preocupe puedo guiarle con lo que necesita exactamente para su negocio.<\/p><\/div><\/div><\/div>\t\t\t\t<\/div>\n\t\t\t\t<\/div>\n\t\t\t\t<div class=\"elementor-element elementor-element-6c31e94 elementor-widget elementor-widget-feature-box\" data-id=\"6c31e94\" data-element_type=\"widget\" data-e-type=\"widget\" data-widget_type=\"feature-box.default\">\n\t\t\t\t<div class=\"elementor-widget-container\">\n\t\t\t\t\t<div class=\"feature-box\" ><div class=\"feature-icon\"><img loading=\"lazy\" decoding=\"async\" width=\"32\" height=\"42\" src=\"https:\/\/abdelmonemhassan.com\/wp-content\/uploads\/2019\/06\/service-5.png\" class=\"attachment-full size-full wp-image-988\" alt=\"\" \/><\/div><div class=\"box-content\"><h4 class=\"feature-title\">Planificaci\u00f3n estrat\u00e9gica<\/h4><div class=\"feature-content\"><p>La visi\u00f3n necesita plan para ser claro en la aplicaci\u00f3n si usted necesita una estrategia para su presencia de marketing digital para alcanzar el objetivo exacto en l\u00ednea, puedo construir su estrategia de marketing digital para el largo o corto plazo, usted puede estar en las primeras etapas de su modelo de negocio o tienen una presencia existente, pero necesitan optimizaci\u00f3n, puedo cuidar de esto, s\u00f3lo vamos a hablar.<\/p><\/div><\/div><\/div>\t\t\t\t<\/div>\n\t\t\t\t<\/div>\n\t\t\t\t<div class=\"elementor-element elementor-element-f9bd7b4 elementor-widget elementor-widget-feature-box\" data-id=\"f9bd7b4\" data-element_type=\"widget\" data-e-type=\"widget\" data-widget_type=\"feature-box.default\">\n\t\t\t\t<div class=\"elementor-widget-container\">\n\t\t\t\t\t<div class=\"feature-box\" ><div class=\"feature-icon\"><img loading=\"lazy\" decoding=\"async\" width=\"32\" height=\"42\" src=\"https:\/\/abdelmonemhassan.com\/wp-content\/uploads\/2019\/06\/service-5.png\" class=\"attachment-full size-full wp-image-988\" alt=\"\" \/><\/div><div class=\"box-content\"><h4 class=\"feature-title\">Investigaci\u00f3n \/ An\u00e1lisis<\/h4><div class=\"feature-content\"><p>Es como un gran mapa con las carreteras, la creaci\u00f3n de anuncios sin plan es como montar carreteras sin mapa, y en alg\u00fan momento, usted se encontrar\u00e1 han perdido, y perdi\u00f3 una gran cantidad de tiempo, esfuerzo y dinero. no hagas eso, si usted no sabe lo que est\u00e1 haciendo, por favor, dar a alguien especialista para que coincida con las necesidades de su negocio con sus objetivos, puedo ayudarle con la creaci\u00f3n de an\u00e1lisis de la situaci\u00f3n, an\u00e1lisis de la competencia, estudios de mercado, an\u00e1lisis de campa\u00f1a, an\u00e1lisis web, an\u00e1lisis de rendimiento, y mucho m\u00e1s.\u00a0<\/p><\/div><\/div><\/div>\t\t\t\t<\/div>\n\t\t\t\t<\/div>\n\t\t\t\t\t<\/div>\n\t\t<\/div>\n\t\t\t\t<div class=\"elementor-column elementor-col-33 elementor-inner-column elementor-element elementor-element-53f2b58\" data-id=\"53f2b58\" data-element_type=\"column\" data-e-type=\"column\">\n\t\t\t<div class=\"elementor-widget-wrap elementor-element-populated\">\n\t\t\t\t\t\t<div class=\"elementor-element elementor-element-41d53bd elementor-widget elementor-widget-feature-box\" data-id=\"41d53bd\" data-element_type=\"widget\" data-e-type=\"widget\" data-widget_type=\"feature-box.default\">\n\t\t\t\t<div class=\"elementor-widget-container\">\n\t\t\t\t\t<div class=\"feature-box\" ><div class=\"feature-icon\"><img loading=\"lazy\" decoding=\"async\" width=\"42\" height=\"42\" src=\"https:\/\/abdelmonemhassan.com\/wp-content\/uploads\/2019\/05\/service-3.png\" class=\"attachment-full size-full wp-image-95\" alt=\"\" \/><\/div><div class=\"box-content\"><h4 class=\"feature-title\">Marketing de comercio electr\u00f3nico<\/h4><div class=\"feature-content\"><p>El desarrollo de su tienda de comercio electr\u00f3nico para obtener el mejor rendimiento que puede obtener de su industria puede necesitar SEO, integraci\u00f3n de aplicaciones de terceros, gesti\u00f3n de productos, PPC, marketing en redes sociales, y muchos m\u00e1s, todo lo necesario para obtener un mejor rendimiento que obtendr\u00e1.<\/p><\/div><\/div><\/div>\t\t\t\t<\/div>\n\t\t\t\t<\/div>\n\t\t\t\t<div class=\"elementor-element elementor-element-a083bb6 elementor-widget elementor-widget-feature-box\" data-id=\"a083bb6\" data-element_type=\"widget\" data-e-type=\"widget\" data-widget_type=\"feature-box.default\">\n\t\t\t\t<div class=\"elementor-widget-container\">\n\t\t\t\t\t<div class=\"feature-box\" ><div class=\"feature-icon\"><img loading=\"lazy\" decoding=\"async\" width=\"43\" height=\"43\" src=\"https:\/\/abdelmonemhassan.com\/wp-content\/uploads\/2019\/05\/service-6.png\" class=\"attachment-full size-full wp-image-98\" alt=\"\" \/><\/div><div class=\"box-content\"><h4 class=\"feature-title\">Consulta<\/h4><div class=\"feature-content\"><p>Puedo guiarte a trav\u00e9s de los aspectos de marketing digital y hacerte saber exactamente lo que necesitas hacer para conseguir lo que piensas despu\u00e9s de escuchar tus requerimientos en puntos muy concisos te dar\u00e9 mis recomendaciones que te mostrar\u00e1n el camino correcto para que tu desempe\u00f1o obtenga la presencia online que imaginas as\u00ed no volver\u00e1s a confundirte sobre lo que est\u00e1s haciendo con tu negocio, eso te ahorrar\u00e1 mucho tiempo, esfuerzo y dinero.<\/p><\/div><\/div><\/div>\t\t\t\t<\/div>\n\t\t\t\t<\/div>\n\t\t\t\t<div class=\"elementor-element elementor-element-6092970 elementor-widget elementor-widget-feature-box\" data-id=\"6092970\" data-element_type=\"widget\" data-e-type=\"widget\" data-widget_type=\"feature-box.default\">\n\t\t\t\t<div class=\"elementor-widget-container\">\n\t\t\t\t\t<div class=\"feature-box\" ><div class=\"feature-icon\"><img loading=\"lazy\" decoding=\"async\" width=\"43\" height=\"43\" src=\"https:\/\/abdelmonemhassan.com\/wp-content\/uploads\/2019\/05\/service-6.png\" class=\"attachment-full size-full wp-image-98\" alt=\"\" \/><\/div><div class=\"box-content\"><h4 class=\"feature-title\">Marketing de afiliaci\u00f3n<\/h4><div class=\"feature-content\"><p>La construcci\u00f3n de una relaci\u00f3n con los mejores influenciadores en su pa\u00eds y la industria hace una gran diferencia en su conocimiento, por lo que puede que tenga que desarrollar un programa de afiliados que funciona mejor para su negocio y para las partes interesadas, puedo ayudarle a obtener su enfoque de marketing de afiliaci\u00f3n, y encontrar los mejores influenciadores, marcas, creadores de contenido, y otras partes interesadas en su industria para colaborar con ellos y obtener su marketing de afiliaci\u00f3n activado.<\/p><\/div><\/div><\/div>\t\t\t\t<\/div>\n\t\t\t\t<\/div>\n\t\t\t\t<div class=\"elementor-element elementor-element-c480d80 elementor-widget elementor-widget-feature-box\" data-id=\"c480d80\" data-element_type=\"widget\" data-e-type=\"widget\" data-widget_type=\"feature-box.default\">\n\t\t\t\t<div class=\"elementor-widget-container\">\n\t\t\t\t\t<div class=\"feature-box\" ><div class=\"feature-icon\"><img loading=\"lazy\" decoding=\"async\" width=\"43\" height=\"43\" src=\"https:\/\/abdelmonemhassan.com\/wp-content\/uploads\/2019\/05\/service-6.png\" class=\"attachment-full size-full wp-image-98\" alt=\"\" \/><\/div><div class=\"box-content\"><h4 class=\"feature-title\">Optimizaci\u00f3n del App Store (ASO)'<\/h4><div class=\"feature-content\"><p>Puedo gestionar el marketing de su aplicaci\u00f3n m\u00f3vil para que aparezca frente a los usuarios a los que se dirige con todas las acciones necesarias para obtener una mejor presencia en la tienda de aplicaciones si su aplicaci\u00f3n est\u00e1 disponible para los usuarios de Android o IOS, puedo ofrecerle lo que necesita para obtener m\u00e1s instalaciones de aplicaciones y acciones dentro de la aplicaci\u00f3n que necesita despu\u00e9s de la instalaci\u00f3n.<\/p><\/div><\/div><\/div>\t\t\t\t<\/div>\n\t\t\t\t<\/div>\n\t\t\t\t\t<\/div>\n\t\t<\/div>\n\t\t\t\t\t<\/div>\n\t\t<\/section>\n\t\t\t\t<section class=\"elementor-section elementor-top-section elementor-element elementor-element-8e17b78 elementor-section-boxed elementor-section-height-default elementor-section-height-default\" data-id=\"8e17b78\" data-element_type=\"section\" data-e-type=\"section\">\n\t\t\t\t\t\t<div class=\"elementor-container elementor-column-gap-default\">\n\t\t\t\t\t<div class=\"elementor-column elementor-col-100 elementor-top-column elementor-element elementor-element-4c60776\" data-id=\"4c60776\" data-element_type=\"column\" data-e-type=\"column\">\n\t\t\t<div class=\"elementor-widget-wrap elementor-element-populated\">\n\t\t\t\t\t\t<div class=\"elementor-element elementor-element-1bef4fa elementor-widget elementor-widget-text-editor\" data-id=\"1bef4fa\" data-element_type=\"widget\" data-e-type=\"widget\" data-widget_type=\"text-editor.default\">\n\t\t\t\t<div class=\"elementor-widget-container\">\n\t\t\t\t\t\t\t\t\t<p>Si est\u00e1s buscando un experto en marketing digital que pueda llevar tu presencia online al siguiente nivel, \u00a1no busques m\u00e1s! Hablemos de tu proyecto con m\u00e1s detalle y veamos c\u00f3mo puedo ayudarte a alcanzar tus objetivos empresariales.<\/p>\t\t\t\t\t\t\t\t<\/div>\n\t\t\t\t<\/div>\n\t\t\t\t\t<\/div>\n\t\t<\/div>\n\t\t\t\t\t<\/div>\n\t\t<\/section>\n\t\t\t\t<section class=\"elementor-section elementor-top-section elementor-element elementor-element-175aeb3 elementor-section-boxed elementor-section-height-default elementor-section-height-default\" data-id=\"175aeb3\" data-element_type=\"section\" data-e-type=\"section\">\n\t\t\t\t\t\t<div class=\"elementor-container elementor-column-gap-default\">\n\t\t\t\t\t<div class=\"elementor-column elementor-col-100 elementor-top-column elementor-element elementor-element-23c89fe\" data-id=\"23c89fe\" data-element_type=\"column\" data-e-type=\"column\">\n\t\t\t<div class=\"elementor-widget-wrap elementor-element-populated\">\n\t\t\t\t\t\t<div class=\"elementor-element elementor-element-455470f elementor-widget elementor-widget-growth_button\" data-id=\"455470f\" data-element_type=\"widget\" data-e-type=\"widget\" data-widget_type=\"growth_button.default\">\n\t\t\t\t<div class=\"elementor-widget-container\">\n\t\t\t\t\t<a class=\"arrow-button\" href=\"\/es\/consultation\/\"><span class=\"button-text\"><span class=\"button-title\" >Reservar consulta Llame ahora<\/span><\/span><\/a>\t\t\t\t<\/div>\n\t\t\t\t<\/div>\n\t\t\t\t\t<\/div>\n\t\t<\/div>\n\t\t\t\t\t<\/div>\n\t\t<\/section>\n\t\t\t\t<\/div>","protected":false},"excerpt":{"rendered":"<p>Services See How Can I Help You I&#8217;m always looking for long-term work with my clients and creating success stories is my priority in each project Search Engine Optimization &#8216;SEO&#8217; Building your brand&#8217;s presence online by using the best practices of SEO that works for your brand to increase your chances to get ranked in [&hellip;]<\/p>\n","protected":false},"author":2,"featured_media":3589,"parent":0,"menu_order":0,"comment_status":"closed","ping_status":"closed","template":"","meta":{"footnotes":""},"class_list":["post-2040","page","type-page","status-publish","has-post-thumbnail","hentry"],"aioseo_notices":[],"_links":{"self":[{"href":"https:\/\/abdelmonemhassan.com\/es\/wp-json\/wp\/v2\/pages\/2040","targetHints":{"allow":["GET"]}}],"collection":[{"href":"https:\/\/abdelmonemhassan.com\/es\/wp-json\/wp\/v2\/pages"}],"about":[{"href":"https:\/\/abdelmonemhassan.com\/es\/wp-json\/wp\/v2\/types\/page"}],"author":[{"embeddable":true,"href":"https:\/\/abdelmonemhassan.com\/es\/wp-json\/wp\/v2\/users\/2"}],"replies":[{"embeddable":true,"href":"https:\/\/abdelmonemhassan.com\/es\/wp-json\/wp\/v2\/comments?post=2040"}],"version-history":[{"count":0,"href":"https:\/\/abdelmonemhassan.com\/es\/wp-json\/wp\/v2\/pages\/2040\/revisions"}],"wp:featuredmedia":[{"embeddable":true,"href":"https:\/\/abdelmonemhassan.com\/es\/wp-json\/wp\/v2\/media\/3589"}],"wp:attachment":[{"href":"https:\/\/abdelmonemhassan.com\/es\/wp-json\/wp\/v2\/media?parent=2040"}],"curies":[{"name":"wp","href":"https:\/\/api.w.org\/{rel}","templated":true}]}}